{"id":10,"date":"2011-09-08T13:51:14","date_gmt":"2011-09-08T13:51:14","guid":{"rendered":"http:\/\/ag-theater.de\/?page_id=10"},"modified":"2013-09-20T19:38:15","modified_gmt":"2013-09-20T17:38:15","slug":"2011-robin-hood","status":"publish","type":"page","link":"http:\/\/ag-theater.de\/?page_id=10","title":{"rendered":"2011 Robin Hood"},"content":{"rendered":"<p><strong>Das sagen andere Stimmen:<\/strong><br \/>\naus PAKS Brief August 2011 Ausgabe 10<br \/>\nvon Wolfram Br\u00fcninghaus<\/p>\n<p>\u201eRobin Hood&#8220;<br \/>\nGrundschule Katzwang unter Leitung von Volker Berdich \/ S\u00e4ule &#8222;Theater&#8220;<br \/>\nDas geht gar nicht! Ein &#8222;Heldenfestival&#8220; ohne ihn, den Helden der Helden mit dem hohen Identifikationsgrad, ist undenkbar. Das meinte auch die Schultheater-AG aus Katzwang und dramatisierte die Erz\u00e4hlung. Im Programmheft machten sie klar, woran sie sich abarbeiteten: Mut, Gerechtigkeit, Gier, Freundschaft, Macht, Gl\u00fcck, Neid, Liebe. Also, der Reihe nach! Erst einmal werden die handelnden Personen vorgestellt. Daraus entsteht ein einpr\u00e4gsames Gruppenbild. Die rasante Handlung wird in einzelnen Szenen liebevoll dargestellt. So werden z.B. K\u00f6nig und K\u00f6nigin auf einer Decke \u00fcber den B\u00fchnenboden gezogen, eine herrschaftliche Kutschvorbeifahrt. Bewegungskr\u00e4ftig wird der Kampf der beiden Lager ausgetragen und mit dem Setzen von Wortstandarten verdeutlicht: \u201eWir geben uns nicht geschlagen!&#8220;, \u201eWir werden euch vernichten!&#8220;. Robin ger\u00e4t in Gefangenschaft und seine Hinrichtung<br \/>\nwird ausgef\u00fchrt. \u201eStooopp! Helden k\u00f6nnen doch nicht sterben!&#8220; Der Film wird zur\u00fcckgespult und eine vers\u00f6hnliche Handlungsrichtung eingeschlagen. Robin Hoods Hochzeit wird besser begangen und betanzt. Und mit einem (Film-)Schlussbild Cheek-to-Cheek, Scheinwerfer auf die beiden gl\u00fccklichen Gesichter, schauen Robin Hood und seine Gemahlin romantisch verkl\u00e4rten Blicks in eine goldene Zukunft. Die Gruppe hat mit ihrem Leiter Volker Berdich die Geschichte in klare Bilder gegliedert. Einfache Mittel haben starke Wirkung. Und wenn sich (wie hier) ironische Brechungen ausspielen lassen, wird klar, was den Reiz guten Theaters ausmacht.<\/p>\n<p>Bildmaterial ist unter: http:\/\/www.kulturtage.schulamt.info\/ unten links unter Fotogalerie 2011 Bilder 52 bis 66 zu finden.<\/p>\n","protected":false},"excerpt":{"rendered":"<p>Das sagen andere Stimmen: aus PAKS Brief August 2011 Ausgabe 10 von Wolfram Br\u00fcninghaus \u201eRobin Hood&#8220; Grundschule Katzwang unter Leitung von Volker Berdich \/ S\u00e4ule &#8222;Theater&#8220; Das geht gar nicht! Ein &#8222;Heldenfestival&#8220; ohne ihn, den Helden der Helden mit dem hohen Identifikationsgrad, ist undenkbar. Das meinte auch die Schultheater-AG aus Katzwang und dramatisierte die Erz\u00e4hlung. [&hellip;]<\/p>\n","protected":false},"author":1,"featured_media":0,"parent":254,"menu_order":0,"comment_status":"open","ping_status":"open","template":"","meta":{"footnotes":""},"class_list":["post-10","page","type-page","status-publish","hentry","post-preview"],"_links":{"self":[{"href":"http:\/\/ag-theater.de\/index.php?rest_route=\/wp\/v2\/pages\/10","targetHints":{"allow":["GET"]}}],"collection":[{"href":"http:\/\/ag-theater.de\/index.php?rest_route=\/wp\/v2\/pages"}],"about":[{"href":"http:\/\/ag-theater.de\/index.php?rest_route=\/wp\/v2\/types\/page"}],"author":[{"embeddable":true,"href":"http:\/\/ag-theater.de\/index.php?rest_route=\/wp\/v2\/users\/1"}],"replies":[{"embeddable":true,"href":"http:\/\/ag-theater.de\/index.php?rest_route=%2Fwp%2Fv2%2Fcomments&post=10"}],"version-history":[{"count":5,"href":"http:\/\/ag-theater.de\/index.php?rest_route=\/wp\/v2\/pages\/10\/revisions"}],"predecessor-version":[{"id":29,"href":"http:\/\/ag-theater.de\/index.php?rest_route=\/wp\/v2\/pages\/10\/revisions\/29"}],"up":[{"embeddable":true,"href":"http:\/\/ag-theater.de\/index.php?rest_route=\/wp\/v2\/pages\/254"}],"wp:attachment":[{"href":"http:\/\/ag-theater.de\/index.php?rest_route=%2Fwp%2Fv2%2Fmedia&parent=10"}],"curies":[{"name":"wp","href":"https:\/\/api.w.org\/{rel}","templated":true}]}}