{"id":182,"date":"2012-10-27T15:06:09","date_gmt":"2012-10-27T13:06:09","guid":{"rendered":"http:\/\/ag-theater.de\/?page_id=182"},"modified":"2022-03-11T16:52:06","modified_gmt":"2022-03-11T14:52:06","slug":"2013-projekt","status":"publish","type":"page","link":"http:\/\/ag-theater.de\/?page_id=182","title":{"rendered":"2013 Das Geheimnis des Waldes"},"content":{"rendered":"<p>Artikel aus der Sch\u00fclerzeitung der Grund- und Mittelschule Katzwang, verfasst von Dagmar Leitmeier:<\/p>\n<p><strong>Gelungener Auftritt<\/strong><br>Auch in diesem Jahr beteiligte sich die Theatergruppe der Grundschule Katzwang unter Leitung von Herrn Volker Berdich bei den Kulturtagen der N\u00fcrnberger Schulen mit einem Beitrag im Theater Mummpitz. Die Choregrafie des St\u00fcckes &#8222;Das Geheimnis des Waldes&#8220; begeisterte nicht nur die kleinen Besucher, sondern auch die Erwachsenen. In einer gekonnten Inszenierung nahm die Theatergruppe alle Zuschauer mit auf die unfreiwillige Expedition von Midge zu ihrem Onkel Brian. Zuerst hatte sie keine Lust, ihre Sommerferien auf dessen langweiligen Bauernhof zu verbringen. Doch dann ger\u00e4t sie in k\u00fcrzester in ein Abenteuer, dass sie sich so nie h\u00e4tte tr\u00e4umen lassen.<br>Respektabel, wie Herr Berdich seine Truppe zu perfekten Darstellerleistungen motiviert und angeleitet hatte. Allen Akteuren gelang es in herausragender Weise Personen, Stimmungen und Gef\u00fchle zu transportieren und den Beobachter so &#8222;miterleben zu lassen&#8220;. Die alles zudem mit einem Minimum an Kost\u00fcmen und Ausstattung. Schade, dass sich diese Theatergemeinschaft nach diesem Schuljahr aufl\u00f6st.<\/p>\n<p><a href=\"http:\/\/ag-theater.de\/wp-content\/uploads\/2013\/05\/Katzwang_12_131.jpg\"><img decoding=\"async\" class=\"aligncenter size-full wp-image-210\" title=\"Katzwang_12_13\" src=\"http:\/\/ag-theater.de\/wp-content\/uploads\/2013\/05\/Katzwang_12_131.jpg\" alt=\"\"><\/a><\/p>\n<p><\/p>\n<p>Vormittagsvorstellung am Dienstag, den 10. Juli (9.00 Uhr bis 10.30 Uhr)<br>Schlussveranstaltung am Donnerstagabend, den 12.Juli (ca. 18.00 Uhr)<br>Vorstellung im Rahmen des 3. Katzwanger Kulturtag in der Sporthalle, Montag den 16. Juli (sp\u00e4ter Nachmittag\/abends)<\/p>\n<p>Termin- und Informationsarchiv:<\/p>\n\n\n<h2 class=\"wp-block-heading\"><a href=\"http:\/\/ag-theater.de\/?p=219\">Termine, Termine, Termine<\/a><\/h2>\n\n\n\n<p>Publiziert am <a href=\"http:\/\/ag-theater.de\/?p=219\">Juni 10, 2013<\/a> von <a href=\"http:\/\/ag-theater.de\/?author=1\">Berdich<\/a><\/p>\n\n\n\n<p>Hier kommt der Terminplan der hei\u00dfen Phase bis zur Auff\u00fchrung:<\/p>\n\n\n\n<p>12.06. Probe in der Schule<br>19.06. Probe in der Schule<br>26.06. Probe in der Schule<br>29.06. Probenwochenende 9.00 Uhr bis 14.00 Uhr [Bitte reichlich Pausenbrote mitgeben, Danke!]<br>30.06. Probenwochenende 9.00 Uhr bis 14.00 Uhr [Bitte reichlich Pausenbrote mitgeben, Danke!]<br>01.07. Zusatzprobe 13.15 bis 14.45 Uhr&nbsp; [16.00 Uhr Technikprobe im Theater ohne Sch\u00fcler!]<br>02.07. Zusatzprobe 13.15 bis 14.45 Uhr<br>04.07. Generalprobe im Theater Mummpitz (vormittags) R\u00fcckkehr gegen ca. 12.30 Uhr<br>09.07. Auff\u00fchrung im Theater Mummpitz. Anschlie\u00dfend voraussichtlich Besuch einer weiteren Vorstellung anderer Sch\u00fcler. R\u00fcckkehr gegen ca. 14.00 Uhr.<br>11.07. 2. Auff\u00fchrung (Derniere) im Theater Mummpitz [Treffpunkt direkt vor dem Theater Mummpitz um 17.30 Uhr. Bitte Abholung direkt am Theater organisieren. Ende gegen ca. 20.30 Uhr]<br>16.07. 3. Auff\u00fchrung (18.00 Uhr) am 3.Katzwanger Kulturtag in der Sporthalle [Treffpunkt 17.00 Uhr in der Sporthalle] und vormittags Generalprobe Schule<br>17.07. 13.15 Uhr bis ca. 14.00 Uhr Eisessen und Verabschiedung der Theater AG<\/p>\n\n\n\n<p>Es ist m\u00f6glich Karten f\u00fcr die Derniere am Donnerstagabend (09.07.) zu bekommen. Diese Kosten 5 \u20ac pro Person. Im Preis mit enthalten ist die Fahrt mit den \u00f6ffentlichen Verkehrsmitteln und ein Programmheft. <em>Die Stimmung in einem \u201eechten\u201c Theater sollten Sie sich nicht entgehen lassen.<\/em> In den letzten Jahren haben wir aus Katzwang immer relativ gro\u00dfe Kartenkontigente f\u00fcr die Abendvorstellungen bekommen. Ich hoffe es wird dieses Jahr wieder im Rahmen von bis zu 50-60 Karten liegen. D.h. pro Familie m\u00fcssten im Schnitt zwei bis drei Karten m\u00f6glich sein. Idealerweise sollten sich die Eltern die Abendvorstellung ansehen. Die Vorstellungen am Vormittag werden in der Regel durch Schulklassen abgedeckt.<\/p>\n\n\n\n<p>Download des Elternbriefes <a href=\"http:\/\/ag-theater.de\/wp-content\/uploads\/2013\/06\/13_06_09_Elternbrief_Endphase.doc\">hier<\/a> Ver\u00f6ffentlicht unter <a href=\"http:\/\/ag-theater.de\/?cat=1\">Nachrichten<\/a> | Kommentare deaktiviert f\u00fcr Termine, Termine, Termine | <a href=\"http:\/\/ag-theater.de\/wp-admin\/post.php?post=219&amp;action=edit\">Bearbeiten<\/a><\/p>\n\n\n\n<h2 class=\"wp-block-heading\"><a href=\"http:\/\/ag-theater.de\/?p=213\">Spieltermine stehen fest<\/a><\/h2>\n\n\n\n<p>Publiziert am <a href=\"http:\/\/ag-theater.de\/?p=213\">Mai 16, 2013<\/a> von <a href=\"http:\/\/ag-theater.de\/?author=1\">Berdich<\/a><\/p>\n\n\n\n<p>Wir spielen an den N\u00fcrnberger Kulturtagen am Dienstag zwischen 9.00 Uhr und 10.30 Uhr, sowie an der Derniere am Donnerstagabend.<br>Sobald der Kartenvorverkauf losgeht, gebe ich bescheid. In den letzten Jahren haben wir aus Katzwang immer relativ gro\u00dfe Kartenkontigente f\u00fcr die Abendvorstellungen bekommen. Ich hoffe es wird dieses Jahr wieder im Rahmen von bis zu 50 Karten liegen. D.h. pro Familie m\u00fcssten im Schnitt zwei bis drei Karten m\u00f6glich sein. Idealerweise sollten sich die Eltern die Abendvorstellung ansehen. Die Vorstellungen am Vormittag werden in der Regel durch Schulklassen abgedeckt. Ver\u00f6ffentlicht unter <a href=\"http:\/\/ag-theater.de\/?cat=1\">Nachrichten<\/a> | Kommentare deaktiviert f\u00fcr Spieltermine stehen fest | <a href=\"http:\/\/ag-theater.de\/wp-admin\/post.php?post=213&amp;action=edit\">Bearbeiten<\/a><\/p>\n\n\n\n<h2 class=\"wp-block-heading\"><a href=\"http:\/\/ag-theater.de\/?p=208\">Programmheftbeitrag 2013<\/a><\/h2>\n\n\n\n<p>Publiziert am <a href=\"http:\/\/ag-theater.de\/?p=208\">Mai 5, 2013<\/a> von <a href=\"http:\/\/ag-theater.de\/?author=1\">Berdich<\/a><\/p>\n\n\n\n<p>Ver\u00f6ffentlicht unter <a href=\"http:\/\/ag-theater.de\/?cat=1\">Nachrichten<\/a> | Kommentare deaktiviert f\u00fcr Programmheftbeitrag 2013 | <a href=\"http:\/\/ag-theater.de\/wp-admin\/post.php?post=208&amp;action=edit\">Bearbeiten<\/a><\/p>\n\n\n\n<h2 class=\"wp-block-heading\"><a href=\"http:\/\/ag-theater.de\/?p=203\">Wir sind in Szene 3\u2026und Termine, Termine, Termine!<\/a><\/h2>\n\n\n\n<p>Publiziert am <a href=\"http:\/\/ag-theater.de\/?p=203\">April 17, 2013<\/a> von <a href=\"http:\/\/ag-theater.de\/?author=1\">Berdich<\/a><\/p>\n\n\n\n<p>Liebe Eltern,<\/p>\n\n\n\n<p>die Proben gehen jetzt in eine konkretere Phase. Aus der Grundlagenarbeit entstehen jetzt langsam Szenen. Da wir vor den Auff\u00fchrungen bei den Kulturtagen der Stadt N\u00fcrnberg (07. bis 12.Juli \u2013 Infos unter: www.kulturtage.schulamt.info) und am 3. Katzwanger Kulturtag (16.Juli) eine intensivere \u00dcbungsphase brauchen, werden wir ein Probenwochende ben\u00f6tigen. Dies wird, sofern nichts anderes mehr dazwischen kommt, das Wochenende 29.\/30. Juni sein. Bitte halten Sie dieses Wochenende f\u00fcr Theater frei. Au\u00dferdem werden wir an den beiden folgenden Tagen (Montag, den 01.Juli und Dienstag den 02.Juli) jeweils eine Sonderprobe von 13.15 Uhr bis 14.45 Uhr machen. Auch diese bitte ich m\u00f6glich zu machen. Danke!<\/p>\n\n\n\n<p>Wie in den letzten Jahren auch, wird es einen Beitrag mit Fotos im Begleitheft und im Internet geben. F\u00fcr die Ver\u00f6ffentlichung von Fotos brauche ich Ihre Einwilligung. Bitte geben Sie den Abschnitt unterschrieben zur\u00fcck, so dass sich m\u00f6glichst die Gruppe in ihrer Gesamtheit im Programmheft pr\u00e4sentieren kann.<\/p>\n\n\n\n<p><a href=\"http:\/\/ag-theater.de\/wp-content\/uploads\/2013\/04\/13_04_16_Einverst\u00e4ndnis.doc\">Hier der Elternbrief als Download<\/a><\/p>\n\n\n\n<p>In diesem Schuljahr wird sich die Theater AG mit der Literaturvorlage <strong>&#8222;Das kleine Volk&#8220; von Steve Augarde<\/strong> auseinander setzen. Aus einzelnen Sequenzen werden nun die Kinder Ideen f\u00fcr ein Theaterst\u00fcck entwickeln. Zun\u00e4chst wird das in Standbildern oder Zeitlupensezenen ohne Text ausgedr\u00fcckt und erst sp\u00e4ter mit Textelementen versehen. Daraus entstehen einzelne Szenen, die sp\u00e4ter zu einem ganzen St\u00fcck zusammengef\u00fcgt werden. Die ideale Vorbereitung der Kinder w\u00e4re die Besch\u00e4ftigung mit der Literaturvorlage. D.h. wem es m\u00f6glich ist, der sollte das Buch in den n\u00e4chsten ein bis zwei Monaten lesen.<\/p>\n\n\n\n<h2 class=\"wp-block-heading\"><a href=\"http:\/\/ag-theater.de\/?p=188\">Themenauswahl grenzt sich langsam ein<\/a><\/h2>\n\n\n\n<p>Publiziert am <a href=\"http:\/\/ag-theater.de\/?p=188\">Dezember 5, 2012<\/a> von <a href=\"http:\/\/ag-theater.de\/?author=1\">Berdich<\/a><\/p>\n\n\n\n<p>Aus einer F\u00fclle von mitgebrachten Themen haben sich inzwischen drei herauskristallisiert:<\/p>\n\n\n\n<p>* Das kleine Volk (<a href=\"http:\/\/www.roterdorn.de\/inhalt.php?xz=rezi&amp;id=7703\" target=\"_blank\" rel=\"noreferrer noopener\">Kritik<\/a>)<\/p>\n\n\n\n<p>* Die unendliche Geschichte (<a href=\"http:\/\/de.wikipedia.org\/wiki\/Die_unendliche_Geschichte\" target=\"_blank\" rel=\"noreferrer noopener\">Wikipedia-Artikel<\/a>)<\/p>\n\n\n\n<p>* Harry Potter (<a href=\"http:\/\/de.wikipedia.org\/wiki\/Harry_Potter_und_der_Stein_der_Weisen\" target=\"_blank\" rel=\"noreferrer noopener\">Wikipedia-Artikel<\/a>)<\/p>\n\n\n\n<p>Aus diesen drei Themenfeldern werden wir n\u00e4chste Woche unser Arbeitsthema f\u00fcr die diesj\u00e4hrige Theater AG generieren.<\/p>\n","protected":false},"excerpt":{"rendered":"<p>Artikel aus der Sch\u00fclerzeitung der Grund- und Mittelschule Katzwang, verfasst von Dagmar Leitmeier: Gelungener AuftrittAuch in diesem Jahr beteiligte sich die Theatergruppe der Grundschule Katzwang unter Leitung von Herrn Volker Berdich bei den Kulturtagen der N\u00fcrnberger Schulen mit einem Beitrag im Theater Mummpitz. Die Choregrafie des St\u00fcckes &#8222;Das Geheimnis des Waldes&#8220; begeisterte nicht nur die [&hellip;]<\/p>\n","protected":false},"author":1,"featured_media":0,"parent":254,"menu_order":0,"comment_status":"closed","ping_status":"closed","template":"","meta":{"footnotes":""},"class_list":["post-182","page","type-page","status-publish","hentry","post-preview"],"_links":{"self":[{"href":"http:\/\/ag-theater.de\/index.php?rest_route=\/wp\/v2\/pages\/182","targetHints":{"allow":["GET"]}}],"collection":[{"href":"http:\/\/ag-theater.de\/index.php?rest_route=\/wp\/v2\/pages"}],"about":[{"href":"http:\/\/ag-theater.de\/index.php?rest_route=\/wp\/v2\/types\/page"}],"author":[{"embeddable":true,"href":"http:\/\/ag-theater.de\/index.php?rest_route=\/wp\/v2\/users\/1"}],"replies":[{"embeddable":true,"href":"http:\/\/ag-theater.de\/index.php?rest_route=%2Fwp%2Fv2%2Fcomments&post=182"}],"version-history":[{"count":15,"href":"http:\/\/ag-theater.de\/index.php?rest_route=\/wp\/v2\/pages\/182\/revisions"}],"predecessor-version":[{"id":519,"href":"http:\/\/ag-theater.de\/index.php?rest_route=\/wp\/v2\/pages\/182\/revisions\/519"}],"up":[{"embeddable":true,"href":"http:\/\/ag-theater.de\/index.php?rest_route=\/wp\/v2\/pages\/254"}],"wp:attachment":[{"href":"http:\/\/ag-theater.de\/index.php?rest_route=%2Fwp%2Fv2%2Fmedia&parent=182"}],"curies":[{"name":"wp","href":"https:\/\/api.w.org\/{rel}","templated":true}]}}