{"id":247,"date":"2013-09-20T19:28:10","date_gmt":"2013-09-20T17:28:10","guid":{"rendered":"http:\/\/ag-theater.de\/?page_id=247"},"modified":"2022-03-11T16:43:05","modified_gmt":"2022-03-11T14:43:05","slug":"projekt-2014","status":"publish","type":"page","link":"http:\/\/ag-theater.de\/?page_id=247","title":{"rendered":"2014 Der Tr\u00e4umer"},"content":{"rendered":"<p>Artikel aus dem PAKS-Brief Ausgabe 16 (September 2014) geschrieben von Gudrun Wolfrum:<\/p>\n<p><strong>Und dann dieser Wahnsinnssandsturm!<\/strong><\/p>\n<p>,,Der Tr\u00e4umer\u201c &#8211; Grundschule N\u00fcrnberg-Katzwang (Mittelfranken) unter Leitung von Volker Berdich<\/p>\n<p>Wer die allj\u00e4hrlich stattfindenden Kulturtage der N\u00fcrnberger Grund-, Mittel- und F\u00f6rderschulen verfolgt, kennt sicher schon die gro\u00dfe Spielfreude und den Ideenreichtum dieser Katzwanger Grundsch\u00fcler, denen es unter der Leitung ihres Theaterlehrers immer wieder gelingt, komplexe Geschichten in phantasievollen Bildern auf die B\u00fchne zu bringen. In diesem Jahr besch\u00e4ftigten sich die 14 Jungen und M\u00e4dchen der 4. Klasse intensiv mit der Buchvorlage ,,Lippels Traum\u201c von Paul Maar und brachten ihre Produktion als zweiten mittelfr\u00e4nkischen Beitrag zum Abschluss der Bayerischen Theatertage 2014 auf der gro\u00dfen B\u00fchne des Alten Bauhofs zur Auff\u00fchrung. Der Zuschauerwird gleich zu Beginn in Lippels Traumwelt eingef\u00fchrt: Der schlafende Lippel (gekennzeich-net durch eine strubbelige Per\u00fccke) tr\u00e4umt von orientalischen T\u00e4nzerinnen, die sich auf schwarzen W\u00fcrfeln zu passender Musik bewegen, wird sodann geweckt von den Eltern, die Lippel am Fr\u00fchst\u00fcckstisch dar\u00fcber informieren, dass sie verreisen m\u00fcssen und ihn trotz seines Prostestes nicht mitnehmen k\u00f6nnen. Jedoch werde ein Frau Jakob auf ihn aufpassen. Es folgt eine Fr\u00fchst\u00fccksszene, in der die gegenseitige Abneigung, die sich die \u00fcberaus zickige Frau Jakob (mit St\u00f6ckelschuhen, engem Kleid und Lockenper\u00fccke kost\u00fcmiert) und Lippel entgegenbringen, mit Witz und Hintersinn verdeutlicht wird. Ortswechsel \u2013 einige wenige charakteristische Verhaltenszitate kennzeichnen schnell eine Klassensituation: der sich akkurat hinsetzende Streber mit \u00fcbergro\u00dfer Brille, die Tische schubsenden Streith\u00e4hne, die im Zickenkrieg befindlichen M\u00e4dchen in vorpubert\u00e4rem RTL2-Gehabe, dazu witzig kontrastiert der milit\u00e4risch zackige Begr\u00fc\u00dfungschor, als Schulleiterin bzw. Schulr\u00e4tin zwei neue Sch\u00fcler in die Klasse begleiten. Am Abend liest Lippel in seinem Lieblingsbuch in einem aus Tisch und Kisten gebauten Versteck und wird von Frau Jakob entdeckt, woraufhin sie ihm sein Buch wegnimmt. Nun beginnt wieder eine Traumsequenz, in der die Inszenierung deutlich an Fahrt aufnimmt und die fast \u00fcberbordende Spiellust der Kinder die Zuschauer bezaubert und mitnimmt auf ihre phantasievolle Reise: Der Traum im Sultanspalast ln Lippels Traum, in dem er nun selbst dabei ist, wird er in eine gef\u00e4hrliche lntrige im Sultanspalast verwickelt &#8211; in rasantem Umbau entstehen vor dem geistigen Auge des Betrachters aus den eingangs erw\u00e4hnten schwarzen W\u00fcrfeln ein Sultanspalast und Thron. Farbenfrohe Kost\u00fcme wie glitzernde Turbane, Haremshosen, Gesichtsschleier, gl\u00f6ckchengeschm\u00fcckte H\u00fcftt\u00fccher veranschaulichen die bunte Welt des Orients. Auf die unvermeidliche Verbannung Lippels und seiner Freunde folgt die Flucht im Sandsturm &#8211; dargestellt von mit gelben und orangefarbenen Tanzs\u00e4cken bekleideten Spielerlnnen, die sich zu st\u00fcrmischer Musik \u00fcber die B\u00fchne bewegen und den Freunden im Traum zur Flucht verhelfen. Eine ungew\u00f6hnliche L\u00f6sung, die von einem gro\u00dfen Teil des Publikums mit Staunen und zustimmenden Reaktionen kommentiert wird. Orientalische Musik begleitet einen erneuten Umbau \u2013 in marktschreierischer Manier werden an schnell improvisierten Verkaufsst\u00e4nden Waren aus Tausendundeiner Nacht angeboten &#8211; ein dichtes und stimmiges Bild und ein \u00fcberaus gelungenes Setting f\u00fcr die darauffolgende unterhaltsame Fokussierung auf den gesch\u00e4ftst\u00fcchtigen Lippel. Dieser f\u00fchrt mit seiner modernen Taschenlampe den \u201eOsram\u201c-Trick vor und verbl\u00fcfft damit die ihn umringenden Basarbesucher bis zum Eintreffen der Palastwachen. Das nun zu erwartende blutige Ende seines Traumes wei\u00df Lippel durch einen Trick zu vermeiden &#8211; im R\u00fcckw\u00e4rtsgang werden die beteiligten Personen an den Szenenanfang zur\u00fcckversetzt, und Lippel tr\u00e4umt das Ganze noch einmal mit gl\u00fccklichem Ausgang. Auch im wachen Leben enden die Dem\u00fctigungen Lippels durch Frau Jakob mit dem Wiedereintreffen der Eltern. \u201eJust a perfect day\u201c &#8211; mit diesem Song und einem verkl\u00e4rt in die Weite blickenden Lippel endet eine rasante, bilderreiche Inszenierung voller wunderbarer und witziger Ideen.<\/p>\n<p><br \/><br \/>Termin und Artikelarchiv:<\/p>\n\n\n<h2 class=\"wp-block-heading\"><a href=\"http:\/\/ag-theater.de\/?p=285\">Termine f\u00fcr die Endphase<\/a><\/h2>\n\n\n\n<p>Publiziert am <a href=\"http:\/\/ag-theater.de\/?p=285\">Mai 19, 2014<\/a> von <a href=\"http:\/\/ag-theater.de\/?author=1\">Berdich<\/a><\/p>\n\n\n\n<p>12.05. normale Probe<\/p>\n\n\n\n<p>16.05. Probenwochenende 13.15 Uhr bis 15.00 Uhr<\/p>\n\n\n\n<p>17.05. Probenwochenende 14.00 Uhr bis 18.00 Uhr [Achtung ver\u00e4nderte Zeiten!]<\/p>\n\n\n\n<p>18.05.Probenwochenende 9.00 Uhr bis 14.00 Uhr [Bitte reichlich Pausenbrote mitgeben, Danke!]<br>19.05. normale Probe<\/p>\n\n\n\n<p>20.05. Zusatzprobe 13.15 bis 14.45 Uhr<\/p>\n\n\n\n<p>26.05. normale Probe<\/p>\n\n\n\n<p>02.06. Generalprobe im Theater Mummpitz (vormittags) R\u00fcckkehr voraussichtlich gegen ca. 12 Uhr. \u00dcber eine Begleitperson w\u00e4re ich sehr dankbar! Bitte geben Sie mir Bescheid, ob Sie die M\u00f6glichkeit h\u00e4tten mit zu fahren.<\/p>\n\n\n\n<p>05.06. Auff\u00fchrung im Theater Mummpitz. R\u00fcckkehr gegen ca. 13.00 Uhr. [Achtung \u00c4nderung!]<\/p>\n\n\n\n<p>Eine Begleitperson f\u00fcr diesen Tag ist schon gefunden, Danke!<\/p>\n\n\n\n<p>05.06. 2. Auff\u00fchrung (Derniere) im Theater Mummpitz [Treffpunkt direkt vor dem Theater<\/p>\n\n\n\n<p>Mummpitz um 17.30 Uhr. Bitte Abholung direkt am Theater organisieren. Ende gegen ca. 20.30 Uhr]<\/p>\n\n\n\n<p>09.06. keine Probe<\/p>\n\n\n\n<p>16.06. keine Probe<\/p>\n\n\n\n<p>25.06. normale Probe<\/p>\n\n\n\n<p>30.06. normale Probe<\/p>\n\n\n\n<p>07.07. normale Probe<\/p>\n\n\n\n<p>14.07. Abfahrt gegen 13 Uhr am Parkplatz Katzwanger Hallenbad<\/p>\n\n\n\n<p>17.07. R\u00fcckkehr von den bayerischen Theatertagen gegen ca. 14 Uhr<\/p>\n\n\n\n<p>21.07. Abschlusstreffen der Theater AG Ver\u00f6ffentlicht unter <a href=\"http:\/\/ag-theater.de\/?cat=1\">Nachrichten<\/a> | Kommentare deaktiviert f\u00fcr Termine f\u00fcr die Endphase | <a href=\"http:\/\/ag-theater.de\/wp-admin\/post.php?post=285&amp;action=edit\">Bearbeiten<\/a><\/p>\n\n\n\n<h2 class=\"wp-block-heading\"><a href=\"http:\/\/ag-theater.de\/?p=282\">Beitrag bei den N\u00fcrnberger Kulturtagen<\/a><\/h2>\n\n\n\n<p>Publiziert am <a href=\"http:\/\/ag-theater.de\/?p=282\">Mai 19, 2014<\/a> von <a href=\"http:\/\/ag-theater.de\/?author=1\">Berdich<\/a><\/p>\n\n\n\n<div class=\"wp-block-image\"><figure class=\"aligncenter\"><a href=\"http:\/\/ag-theater.de\/wp-content\/uploads\/2014\/05\/Katzwang_Der-Tr\u00e4umer.jpg\"><img loading=\"lazy\" decoding=\"async\" width=\"216\" height=\"300\" src=\"http:\/\/ag-theater.de\/wp-content\/uploads\/2014\/05\/Katzwang_Der-Tr\u00e4umer-216x300.jpg\" alt=\"Katzwang_Der Tr\u00e4umer\" class=\"wp-image-283\" srcset=\"http:\/\/ag-theater.de\/wp-content\/uploads\/2014\/05\/Katzwang_Der-Tr\u00e4umer-216x300.jpg 216w, http:\/\/ag-theater.de\/wp-content\/uploads\/2014\/05\/Katzwang_Der-Tr\u00e4umer-738x1024.jpg 738w, http:\/\/ag-theater.de\/wp-content\/uploads\/2014\/05\/Katzwang_Der-Tr\u00e4umer.jpg 784w\" sizes=\"auto, (max-width: 216px) 100vw, 216px\" \/><\/a><\/figure><\/div>\n\n\n\n<p>Unser Programmheftbeitrag bei den N\u00fcrnberger Kulturtagen.<br>Schulauff\u00fchrung Donnerstag, den 05.06. um 11.30 Uhr und Elternvorf\u00fchrung um 18.00 Uhr<\/p>\n","protected":false},"excerpt":{"rendered":"<p>Artikel aus dem PAKS-Brief Ausgabe 16 (September 2014) geschrieben von Gudrun Wolfrum: Und dann dieser Wahnsinnssandsturm! ,,Der Tr\u00e4umer\u201c &#8211; Grundschule N\u00fcrnberg-Katzwang (Mittelfranken) unter Leitung von Volker Berdich Wer die allj\u00e4hrlich stattfindenden Kulturtage der N\u00fcrnberger Grund-, Mittel- und F\u00f6rderschulen verfolgt, kennt sicher schon die gro\u00dfe Spielfreude und den Ideenreichtum dieser Katzwanger Grundsch\u00fcler, denen es unter der [&hellip;]<\/p>\n","protected":false},"author":1,"featured_media":0,"parent":0,"menu_order":2,"comment_status":"closed","ping_status":"closed","template":"","meta":{"footnotes":""},"class_list":["post-247","page","type-page","status-publish","hentry","post-preview"],"_links":{"self":[{"href":"http:\/\/ag-theater.de\/index.php?rest_route=\/wp\/v2\/pages\/247","targetHints":{"allow":["GET"]}}],"collection":[{"href":"http:\/\/ag-theater.de\/index.php?rest_route=\/wp\/v2\/pages"}],"about":[{"href":"http:\/\/ag-theater.de\/index.php?rest_route=\/wp\/v2\/types\/page"}],"author":[{"embeddable":true,"href":"http:\/\/ag-theater.de\/index.php?rest_route=\/wp\/v2\/users\/1"}],"replies":[{"embeddable":true,"href":"http:\/\/ag-theater.de\/index.php?rest_route=%2Fwp%2Fv2%2Fcomments&post=247"}],"version-history":[{"count":12,"href":"http:\/\/ag-theater.de\/index.php?rest_route=\/wp\/v2\/pages\/247\/revisions"}],"predecessor-version":[{"id":504,"href":"http:\/\/ag-theater.de\/index.php?rest_route=\/wp\/v2\/pages\/247\/revisions\/504"}],"wp:attachment":[{"href":"http:\/\/ag-theater.de\/index.php?rest_route=%2Fwp%2Fv2%2Fmedia&parent=247"}],"curies":[{"name":"wp","href":"https:\/\/api.w.org\/{rel}","templated":true}]}}