{"id":323,"date":"2015-03-08T22:36:07","date_gmt":"2015-03-08T20:36:07","guid":{"rendered":"http:\/\/ag-theater.de\/?page_id=323"},"modified":"2022-03-11T16:37:56","modified_gmt":"2022-03-11T14:37:56","slug":"2015-nerviger-gehts-nicht","status":"publish","type":"page","link":"http:\/\/ag-theater.de\/?page_id=323","title":{"rendered":"2015 Nerviger geht`s nicht"},"content":{"rendered":"<p><a href=\"http:\/\/ag-theater.de\/wp-content\/uploads\/2015\/03\/Theater-AG-Katzwang-15_mittel.jpg\"><img loading=\"lazy\" decoding=\"async\" class=\"aligncenter size-large wp-image-328\" src=\"http:\/\/ag-theater.de\/wp-content\/uploads\/2015\/03\/Theater-AG-Katzwang-15_mittel-514x1024.jpg\" alt=\"Theater AG Katzwang 15_mittel\" width=\"514\" height=\"1024\" srcset=\"http:\/\/ag-theater.de\/wp-content\/uploads\/2015\/03\/Theater-AG-Katzwang-15_mittel-514x1024.jpg 514w, http:\/\/ag-theater.de\/wp-content\/uploads\/2015\/03\/Theater-AG-Katzwang-15_mittel-151x300.jpg 151w, http:\/\/ag-theater.de\/wp-content\/uploads\/2015\/03\/Theater-AG-Katzwang-15_mittel.jpg 1000w\" sizes=\"auto, (max-width: 514px) 100vw, 514px\" \/><\/a>Aktuell arbeiten wir an einem Projekt, welches von der Coolman-Reihe inspiriert wurde.<br \/>Wir erarbeiten im Moment einzelne Szenen, die wie ein Puzzle am Ende zusammengesetzt werden.<\/p>\n<p>\u00a0<\/p>\n<p>\u00a0<\/p>\n<p>Terminarchiv:<\/p>\n\n\n<h2 class=\"wp-block-heading\"><a href=\"http:\/\/ag-theater.de\/?p=332\">Termine, Termine, Termine<\/a><\/h2>\n\n\n\n<p>Publiziert am <a href=\"http:\/\/ag-theater.de\/?p=332\">Juni 7, 2015<\/a> von <a href=\"http:\/\/ag-theater.de\/?author=1\">Berdich<\/a><\/p>\n\n\n\n<p>12.06. Probenwochenende: Freitag von 13.15 Uhr bis 15.00 Uhr [Bitte zus\u00e4tzliches Pausenbrot mitgeben]<br>13.06. Probenwochenende: Samstag von 10.00 Uhr bis 14.00 Uhr [Bitte reichlich Pausenbrote mitgeben, Danke!]<br>14.06. Probenwochenende: Sonntag von 10.00 Uhr bis 14.00 Uhr [Bitte reichlich Pausenbrote mitgeben, Danke!]<br>15.06. normale Probe<br>16.06. Zusatzprobe von 13.00 bis 14.00 Uhr [bitte noch ein kleines Pausenbrot zus\u00e4tzlich mitgeben, Danke!]<br>18.06. Zusatzprobe von 13.00 bis 14.00 Uhr [bitte noch ein kleines Pausenbrot zus\u00e4tzlich mitgeben, Danke!]<br>Anschlie\u00dfend Materialtransport zum Theater Mummpitz<br>19.06. Generalprobe im Theater Mummpitz [vormittags im Rahmen des Schulvormittags]<br>22.06. normale Probe<br>25.06. Auff\u00fchrung im Theater Mummpitz [vormittags im Rahmen des Schulvormittags]<\/p>\n\n\n\n<ol class=\"wp-block-list\" start=\"2\"><li>Auff\u00fchrung im Theater Mummpitz<br>[Treffpunkt direkt vor dem Theater Mummpitz um 17.30 Uhr. Bitte Abholung direkt am Theater organisieren.&nbsp; Ende gegen ca. 20.30 Uhr]<br>26.06. Material R\u00fccktransport vom Theater Mummpitz in die Schule [voraussichtlich zwischen 13.00 und ca. 14.00 Uhr]<\/li><\/ol>\n\n\n\n<p>29.06. Probenpause [Keine Theater AG]<br>06.07. Probenpause [Keine Theater AG]<br>13.07. normale Probe<br>16.07. Generalprobe in Katzwang [vormittags im Rahmen des Schulvormittags]<br>Auff\u00fchrung im Rahmen des 3. Katzwanger Kulturtages [18.00 \u2013 19.30 Uhr] in der Sporthalle<br>20.07. und 27.07. Keine Theater AG<\/p>\n","protected":false},"excerpt":{"rendered":"<p>Aktuell arbeiten wir an einem Projekt, welches von der Coolman-Reihe inspiriert wurde.Wir erarbeiten im Moment einzelne Szenen, die wie ein Puzzle am Ende zusammengesetzt werden. \u00a0 \u00a0 Terminarchiv: Termine, Termine, Termine Publiziert am Juni 7, 2015 von Berdich 12.06. Probenwochenende: Freitag von 13.15 Uhr bis 15.00 Uhr [Bitte zus\u00e4tzliches Pausenbrot mitgeben]13.06. Probenwochenende: Samstag von 10.00 [&hellip;]<\/p>\n","protected":false},"author":1,"featured_media":0,"parent":0,"menu_order":3,"comment_status":"closed","ping_status":"closed","template":"","meta":{"footnotes":""},"class_list":["post-323","page","type-page","status-publish","hentry","post-preview"],"_links":{"self":[{"href":"http:\/\/ag-theater.de\/index.php?rest_route=\/wp\/v2\/pages\/323","targetHints":{"allow":["GET"]}}],"collection":[{"href":"http:\/\/ag-theater.de\/index.php?rest_route=\/wp\/v2\/pages"}],"about":[{"href":"http:\/\/ag-theater.de\/index.php?rest_route=\/wp\/v2\/types\/page"}],"author":[{"embeddable":true,"href":"http:\/\/ag-theater.de\/index.php?rest_route=\/wp\/v2\/users\/1"}],"replies":[{"embeddable":true,"href":"http:\/\/ag-theater.de\/index.php?rest_route=%2Fwp%2Fv2%2Fcomments&post=323"}],"version-history":[{"count":3,"href":"http:\/\/ag-theater.de\/index.php?rest_route=\/wp\/v2\/pages\/323\/revisions"}],"predecessor-version":[{"id":501,"href":"http:\/\/ag-theater.de\/index.php?rest_route=\/wp\/v2\/pages\/323\/revisions\/501"}],"wp:attachment":[{"href":"http:\/\/ag-theater.de\/index.php?rest_route=%2Fwp%2Fv2%2Fmedia&parent=323"}],"curies":[{"name":"wp","href":"https:\/\/api.w.org\/{rel}","templated":true}]}}