{"id":351,"date":"2015-08-13T16:16:11","date_gmt":"2015-08-13T14:16:11","guid":{"rendered":"http:\/\/ag-theater.de\/?page_id=351"},"modified":"2022-03-11T16:36:52","modified_gmt":"2022-03-11T14:36:52","slug":"2016-2","status":"publish","type":"page","link":"http:\/\/ag-theater.de\/?page_id=351","title":{"rendered":"2016 Die Kinderbande aus Venedig"},"content":{"rendered":"<p><a href=\"http:\/\/ag-theater.de\/wp-content\/uploads\/2015\/08\/Hauptfoto2_internet.jpg\" rel=\"attachment wp-att-363\"><img loading=\"lazy\" decoding=\"async\" class=\"aligncenter size-full wp-image-363\" src=\"http:\/\/ag-theater.de\/wp-content\/uploads\/2015\/08\/Hauptfoto2_internet.jpg\" alt=\"Hauptfoto2_internet\" width=\"400\" height=\"700\" srcset=\"http:\/\/ag-theater.de\/wp-content\/uploads\/2015\/08\/Hauptfoto2_internet.jpg 400w, http:\/\/ag-theater.de\/wp-content\/uploads\/2015\/08\/Hauptfoto2_internet-171x300.jpg 171w\" sizes=\"auto, (max-width: 400px) 100vw, 400px\" \/><\/a>Die 26 Kinder der Theater AG der Grundschule Katzwang suchten einige Zeit nach einem geeigneten Stoff. In einem demokratischen Auswahlverfahren w\u00e4hlten die Sch\u00fcler als Textgrundlage das Buch \u201eHerr der Diebe\u201c von Cornelia Funke aus. Auf der Grundlage des Buches fingen die Sch\u00fcler an, Szenen zu improvisieren. Aus einer Art amorphen Arbeitsmasse wurde nun ein St\u00fcck gefertigt. Durch die Vorschl\u00e4ge seitens der Kinder und der Assoziationen des Spielleiters dazu, entwickelten wir Szene um Szene bis zu einem fertigen St\u00fcck.<br>\nUnser Theaterst\u00fcck handelt von Kindern, die frei von den Zw\u00e4ngen der Erwachsenenwelt leben und handeln. Es geht um Kinder die gerne erwachsen w\u00e4ren und Erwachsene die wieder j\u00fcnger sein wollen. Von Menschen, die gerne von ihrer Umwelt anders oder gro\u00dfartiger wahrgenommen werden m\u00f6chten, als sie in Wirklichkeit sind. Es geht um Masken die wir alle sichtbar oder unsichtbar tragen. Es geht um die Freiheit der Jugend und um die Zw\u00e4nge des \u00c4lterwerdens, um Wahrheit und L\u00fcge, um Vertrauen, Freundschaft und Verrat.<br>\nWichtige Themen, die von den Kindern mit diesem Theaterst\u00fcck verhandelt werden, die sie auch in ihrer Lebenswirklichkeit finden und daher direkt betreffen.<br>\nOb und wie es der Theater AG Katzwang gelungen ist mit diesen Themen umzugehen, wird sich in der Auff\u00fchrung zeigen. Viel Spa\u00df mit unserer Arbeit!<\/p>\n\n\n<p>Archiv:<br><\/p>\n\n\n\n<h2 class=\"wp-block-heading\"><a href=\"http:\/\/ag-theater.de\/?p=336\">Fahrplan f\u00fcr die TheaterAG 2015\/2016<\/a><\/h2>\n\n\n\n<p>Publiziert am <a href=\"http:\/\/ag-theater.de\/?p=336\">August 13, 2015<\/a> von <a href=\"http:\/\/ag-theater.de\/?author=1\">Berdich<\/a><\/p>\n\n\n\n<p>Proben immer montags von 13.15 bis 14.45 Uhr [Grundlagenarbeit]<br>Probezeit bis 09.11.2015<br>bis Weihnachten: St\u00fcckauswahl<br>Januar\/Februar: Ideensammlung<br>St\u00fcckplanung und Szenenentwicklungsproze\u00df<br>April\/Mai: erste Szenen werden einstudiert<br>Probenwochenende: 03.\/04.\/05. Juni<br>[St\u00fcck wird zu 70-80 Prozent fertig gestellt]<br>06. Juni: normale Probe<br>13. Juni: normale Probe<br>[Technikbesprechung: Do 16.6. oder Fr. 17.6.2016] ohne Kinder<br>20. Juni: normale Probe<br>21. Juni: Zusatzprobe<br>22. Juni: Zusatzprobe<br>Generalproben: Do. 23.6. oder Fr. 24.6. oder Mo. 27.6.<br>N\u00fcrnberger Kulturtage von 26.06. bis 30.06. inklusive 1 oder 2 Auff\u00fchrungen<br>Katzwanger Kulturtag im Juli mit einer Auff\u00fchrung Ver\u00f6ffentlicht unter <a href=\"http:\/\/ag-theater.de\/?cat=1\">Nachrichten<\/a> | Kommentare deaktiviert f\u00fcr Fahrplan f\u00fcr die TheaterAG 2015\/2016 | <a href=\"http:\/\/ag-theater.de\/wp-admin\/post.php?post=336&amp;action=edit\">Bearbeiten<\/a><\/p>\n\n\n\n<h2 class=\"wp-block-heading\"><\/h2>\n","protected":false},"excerpt":{"rendered":"<p>Die 26 Kinder der Theater AG der Grundschule Katzwang suchten einige Zeit nach einem geeigneten Stoff. In einem demokratischen Auswahlverfahren w\u00e4hlten die Sch\u00fcler als Textgrundlage das Buch \u201eHerr der Diebe\u201c von Cornelia Funke aus. Auf der Grundlage des Buches fingen die Sch\u00fcler an, Szenen zu improvisieren. Aus einer Art amorphen Arbeitsmasse wurde nun ein St\u00fcck [&hellip;]<\/p>\n","protected":false},"author":1,"featured_media":0,"parent":0,"menu_order":7,"comment_status":"closed","ping_status":"closed","template":"","meta":{"footnotes":""},"class_list":["post-351","page","type-page","status-publish","hentry","post-preview"],"_links":{"self":[{"href":"http:\/\/ag-theater.de\/index.php?rest_route=\/wp\/v2\/pages\/351","targetHints":{"allow":["GET"]}}],"collection":[{"href":"http:\/\/ag-theater.de\/index.php?rest_route=\/wp\/v2\/pages"}],"about":[{"href":"http:\/\/ag-theater.de\/index.php?rest_route=\/wp\/v2\/types\/page"}],"author":[{"embeddable":true,"href":"http:\/\/ag-theater.de\/index.php?rest_route=\/wp\/v2\/users\/1"}],"replies":[{"embeddable":true,"href":"http:\/\/ag-theater.de\/index.php?rest_route=%2Fwp%2Fv2%2Fcomments&post=351"}],"version-history":[{"count":3,"href":"http:\/\/ag-theater.de\/index.php?rest_route=\/wp\/v2\/pages\/351\/revisions"}],"predecessor-version":[{"id":500,"href":"http:\/\/ag-theater.de\/index.php?rest_route=\/wp\/v2\/pages\/351\/revisions\/500"}],"wp:attachment":[{"href":"http:\/\/ag-theater.de\/index.php?rest_route=%2Fwp%2Fv2%2Fmedia&parent=351"}],"curies":[{"name":"wp","href":"https:\/\/api.w.org\/{rel}","templated":true}]}}