{"id":608,"date":"2024-02-15T00:30:45","date_gmt":"2024-02-14T22:30:45","guid":{"rendered":"http:\/\/ag-theater.de\/?page_id=608"},"modified":"2024-06-29T16:55:56","modified_gmt":"2024-06-29T14:55:56","slug":"2024-der-fluch-des-drachen","status":"publish","type":"page","link":"http:\/\/ag-theater.de\/?page_id=608","title":{"rendered":"2024 Das Geheimnis des Drachen"},"content":{"rendered":"\n<p>Vier Kinder werden zu ihrem Gro\u00dfvater nach Schottland geschickt, da ihr Vater schwer krank ist und sich die Mutter voll und ganz um seine Pflege k\u00fcmmern muss. Bereits auf dem Weg passieren sonderliche und abenteuerliche Dinge. In Schottland angekommen tun sich die Kinder schwer ihren Gro\u00dfvater zu finden. Sie treffen auf einen Zauberer, der sich als die gesuchte Person ausgibt. Dieser erf\u00fcllt den Kindern eine Reihe von W\u00fcnschen mit seiner Zauberkraft. Es kommen aber Zweifel auf, ob es sich tats\u00e4chlich um den Gro\u00dfvater handelt. Eine wichtige Rolle spielt hierbei ein Spiegel. Wie sich dieses R\u00e4tsel aufl\u00f6st, erfahrt ihr in unserem Theaterst\u00fcck.<\/p>\n\n\n\n<p>Im Vorfeld haben sich die Kinder mit einem Kinderbuch besch\u00e4ftigt und sich dadurch zu diesem Theaterst\u00fcck inspirieren lassen.<\/p>\n\n\n\n<figure class=\"wp-block-image size-large\"><a href=\"http:\/\/ag-theater.de\/wp-content\/uploads\/2024\/06\/WhatsApp-Image-2024-06-27-at-19.41.18-1.jpeg\"><img loading=\"lazy\" decoding=\"async\" width=\"1024\" height=\"768\" src=\"http:\/\/ag-theater.de\/wp-content\/uploads\/2024\/06\/WhatsApp-Image-2024-06-27-at-19.41.18-1-1024x768.jpeg\" alt=\"\" class=\"wp-image-618\" srcset=\"http:\/\/ag-theater.de\/wp-content\/uploads\/2024\/06\/WhatsApp-Image-2024-06-27-at-19.41.18-1-1024x768.jpeg 1024w, http:\/\/ag-theater.de\/wp-content\/uploads\/2024\/06\/WhatsApp-Image-2024-06-27-at-19.41.18-1-300x225.jpeg 300w, http:\/\/ag-theater.de\/wp-content\/uploads\/2024\/06\/WhatsApp-Image-2024-06-27-at-19.41.18-1-768x576.jpeg 768w, http:\/\/ag-theater.de\/wp-content\/uploads\/2024\/06\/WhatsApp-Image-2024-06-27-at-19.41.18-1-1536x1152.jpeg 1536w, http:\/\/ag-theater.de\/wp-content\/uploads\/2024\/06\/WhatsApp-Image-2024-06-27-at-19.41.18-1-676x507.jpeg 676w, http:\/\/ag-theater.de\/wp-content\/uploads\/2024\/06\/WhatsApp-Image-2024-06-27-at-19.41.18-1.jpeg 2048w\" sizes=\"auto, (max-width: 1024px) 100vw, 1024px\" \/><\/a><\/figure>\n\n\n\n<figure class=\"wp-block-image size-large\"><a href=\"http:\/\/ag-theater.de\/wp-content\/uploads\/2024\/06\/WhatsApp-Image-2024-06-27-at-19.41.31.jpeg\"><img loading=\"lazy\" decoding=\"async\" width=\"1024\" height=\"768\" src=\"http:\/\/ag-theater.de\/wp-content\/uploads\/2024\/06\/WhatsApp-Image-2024-06-27-at-19.41.31-1024x768.jpeg\" alt=\"\" class=\"wp-image-621\" srcset=\"http:\/\/ag-theater.de\/wp-content\/uploads\/2024\/06\/WhatsApp-Image-2024-06-27-at-19.41.31-1024x768.jpeg 1024w, http:\/\/ag-theater.de\/wp-content\/uploads\/2024\/06\/WhatsApp-Image-2024-06-27-at-19.41.31-300x225.jpeg 300w, http:\/\/ag-theater.de\/wp-content\/uploads\/2024\/06\/WhatsApp-Image-2024-06-27-at-19.41.31-768x576.jpeg 768w, http:\/\/ag-theater.de\/wp-content\/uploads\/2024\/06\/WhatsApp-Image-2024-06-27-at-19.41.31-1536x1152.jpeg 1536w, http:\/\/ag-theater.de\/wp-content\/uploads\/2024\/06\/WhatsApp-Image-2024-06-27-at-19.41.31-676x507.jpeg 676w, http:\/\/ag-theater.de\/wp-content\/uploads\/2024\/06\/WhatsApp-Image-2024-06-27-at-19.41.31.jpeg 2048w\" sizes=\"auto, (max-width: 1024px) 100vw, 1024px\" \/><\/a><\/figure>\n\n\n\n<figure class=\"wp-block-image size-large\"><a href=\"http:\/\/ag-theater.de\/wp-content\/uploads\/2024\/06\/WhatsApp-Image-2024-06-27-at-19.41.32.jpeg\"><img loading=\"lazy\" decoding=\"async\" width=\"1024\" height=\"768\" src=\"http:\/\/ag-theater.de\/wp-content\/uploads\/2024\/06\/WhatsApp-Image-2024-06-27-at-19.41.32-1024x768.jpeg\" alt=\"\" class=\"wp-image-622\" srcset=\"http:\/\/ag-theater.de\/wp-content\/uploads\/2024\/06\/WhatsApp-Image-2024-06-27-at-19.41.32-1024x768.jpeg 1024w, http:\/\/ag-theater.de\/wp-content\/uploads\/2024\/06\/WhatsApp-Image-2024-06-27-at-19.41.32-300x225.jpeg 300w, http:\/\/ag-theater.de\/wp-content\/uploads\/2024\/06\/WhatsApp-Image-2024-06-27-at-19.41.32-768x576.jpeg 768w, http:\/\/ag-theater.de\/wp-content\/uploads\/2024\/06\/WhatsApp-Image-2024-06-27-at-19.41.32-1536x1152.jpeg 1536w, http:\/\/ag-theater.de\/wp-content\/uploads\/2024\/06\/WhatsApp-Image-2024-06-27-at-19.41.32-676x507.jpeg 676w, http:\/\/ag-theater.de\/wp-content\/uploads\/2024\/06\/WhatsApp-Image-2024-06-27-at-19.41.32.jpeg 2048w\" sizes=\"auto, (max-width: 1024px) 100vw, 1024px\" \/><\/a><\/figure>\n\n\n\n<figure class=\"wp-block-image size-large\"><a href=\"http:\/\/ag-theater.de\/wp-content\/uploads\/2024\/06\/WhatsApp-Image-2024-06-27-at-19.41.51.jpeg\"><img loading=\"lazy\" decoding=\"async\" width=\"1024\" height=\"768\" src=\"http:\/\/ag-theater.de\/wp-content\/uploads\/2024\/06\/WhatsApp-Image-2024-06-27-at-19.41.51-1024x768.jpeg\" alt=\"\" class=\"wp-image-623\" srcset=\"http:\/\/ag-theater.de\/wp-content\/uploads\/2024\/06\/WhatsApp-Image-2024-06-27-at-19.41.51-1024x768.jpeg 1024w, http:\/\/ag-theater.de\/wp-content\/uploads\/2024\/06\/WhatsApp-Image-2024-06-27-at-19.41.51-300x225.jpeg 300w, http:\/\/ag-theater.de\/wp-content\/uploads\/2024\/06\/WhatsApp-Image-2024-06-27-at-19.41.51-768x576.jpeg 768w, http:\/\/ag-theater.de\/wp-content\/uploads\/2024\/06\/WhatsApp-Image-2024-06-27-at-19.41.51-1536x1152.jpeg 1536w, http:\/\/ag-theater.de\/wp-content\/uploads\/2024\/06\/WhatsApp-Image-2024-06-27-at-19.41.51-676x507.jpeg 676w, http:\/\/ag-theater.de\/wp-content\/uploads\/2024\/06\/WhatsApp-Image-2024-06-27-at-19.41.51.jpeg 2048w\" sizes=\"auto, (max-width: 1024px) 100vw, 1024px\" \/><\/a><\/figure>\n\n\n\n<figure class=\"wp-block-image size-large\"><a href=\"http:\/\/ag-theater.de\/wp-content\/uploads\/2024\/06\/WhatsApp-Image-2024-06-27-at-19.48.51.jpeg\"><img loading=\"lazy\" decoding=\"async\" width=\"1024\" height=\"768\" src=\"http:\/\/ag-theater.de\/wp-content\/uploads\/2024\/06\/WhatsApp-Image-2024-06-27-at-19.48.51-1024x768.jpeg\" alt=\"\" class=\"wp-image-624\" srcset=\"http:\/\/ag-theater.de\/wp-content\/uploads\/2024\/06\/WhatsApp-Image-2024-06-27-at-19.48.51-1024x768.jpeg 1024w, http:\/\/ag-theater.de\/wp-content\/uploads\/2024\/06\/WhatsApp-Image-2024-06-27-at-19.48.51-300x225.jpeg 300w, http:\/\/ag-theater.de\/wp-content\/uploads\/2024\/06\/WhatsApp-Image-2024-06-27-at-19.48.51-768x576.jpeg 768w, http:\/\/ag-theater.de\/wp-content\/uploads\/2024\/06\/WhatsApp-Image-2024-06-27-at-19.48.51-1536x1152.jpeg 1536w, http:\/\/ag-theater.de\/wp-content\/uploads\/2024\/06\/WhatsApp-Image-2024-06-27-at-19.48.51-676x507.jpeg 676w, http:\/\/ag-theater.de\/wp-content\/uploads\/2024\/06\/WhatsApp-Image-2024-06-27-at-19.48.51.jpeg 2048w\" sizes=\"auto, (max-width: 1024px) 100vw, 1024px\" \/><\/a><\/figure>\n\n\n\n<figure class=\"wp-block-image size-large\"><a href=\"http:\/\/ag-theater.de\/wp-content\/uploads\/2024\/06\/WhatsApp-Image-2024-06-27-at-19.48.55.jpeg\"><img loading=\"lazy\" decoding=\"async\" width=\"1024\" height=\"768\" src=\"http:\/\/ag-theater.de\/wp-content\/uploads\/2024\/06\/WhatsApp-Image-2024-06-27-at-19.48.55-1024x768.jpeg\" alt=\"\" class=\"wp-image-627\" srcset=\"http:\/\/ag-theater.de\/wp-content\/uploads\/2024\/06\/WhatsApp-Image-2024-06-27-at-19.48.55-1024x768.jpeg 1024w, http:\/\/ag-theater.de\/wp-content\/uploads\/2024\/06\/WhatsApp-Image-2024-06-27-at-19.48.55-300x225.jpeg 300w, http:\/\/ag-theater.de\/wp-content\/uploads\/2024\/06\/WhatsApp-Image-2024-06-27-at-19.48.55-768x576.jpeg 768w, http:\/\/ag-theater.de\/wp-content\/uploads\/2024\/06\/WhatsApp-Image-2024-06-27-at-19.48.55-1536x1152.jpeg 1536w, http:\/\/ag-theater.de\/wp-content\/uploads\/2024\/06\/WhatsApp-Image-2024-06-27-at-19.48.55-676x507.jpeg 676w, http:\/\/ag-theater.de\/wp-content\/uploads\/2024\/06\/WhatsApp-Image-2024-06-27-at-19.48.55.jpeg 2048w\" sizes=\"auto, (max-width: 1024px) 100vw, 1024px\" \/><\/a><\/figure>\n\n\n\n<figure class=\"wp-block-image size-large\"><a href=\"http:\/\/ag-theater.de\/wp-content\/uploads\/2024\/06\/WhatsApp-Image-2024-06-24-at-21.14.08.jpeg\"><img loading=\"lazy\" decoding=\"async\" width=\"1024\" height=\"576\" src=\"http:\/\/ag-theater.de\/wp-content\/uploads\/2024\/06\/WhatsApp-Image-2024-06-24-at-21.14.08-1024x576.jpeg\" alt=\"\" class=\"wp-image-625\" srcset=\"http:\/\/ag-theater.de\/wp-content\/uploads\/2024\/06\/WhatsApp-Image-2024-06-24-at-21.14.08-1024x576.jpeg 1024w, http:\/\/ag-theater.de\/wp-content\/uploads\/2024\/06\/WhatsApp-Image-2024-06-24-at-21.14.08-300x169.jpeg 300w, http:\/\/ag-theater.de\/wp-content\/uploads\/2024\/06\/WhatsApp-Image-2024-06-24-at-21.14.08-768x432.jpeg 768w, http:\/\/ag-theater.de\/wp-content\/uploads\/2024\/06\/WhatsApp-Image-2024-06-24-at-21.14.08-1536x864.jpeg 1536w, http:\/\/ag-theater.de\/wp-content\/uploads\/2024\/06\/WhatsApp-Image-2024-06-24-at-21.14.08-676x380.jpeg 676w, http:\/\/ag-theater.de\/wp-content\/uploads\/2024\/06\/WhatsApp-Image-2024-06-24-at-21.14.08.jpeg 1600w\" sizes=\"auto, (max-width: 1024px) 100vw, 1024px\" \/><\/a><\/figure>\n\n\n\n<figure class=\"wp-block-image size-large\"><a href=\"http:\/\/ag-theater.de\/wp-content\/uploads\/2024\/06\/WhatsApp-Image-2024-06-27-at-19.49.131.jpeg\"><img loading=\"lazy\" decoding=\"async\" width=\"1024\" height=\"768\" src=\"http:\/\/ag-theater.de\/wp-content\/uploads\/2024\/06\/WhatsApp-Image-2024-06-27-at-19.49.131-1024x768.jpeg\" alt=\"\" class=\"wp-image-626\" srcset=\"http:\/\/ag-theater.de\/wp-content\/uploads\/2024\/06\/WhatsApp-Image-2024-06-27-at-19.49.131-1024x768.jpeg 1024w, http:\/\/ag-theater.de\/wp-content\/uploads\/2024\/06\/WhatsApp-Image-2024-06-27-at-19.49.131-300x225.jpeg 300w, http:\/\/ag-theater.de\/wp-content\/uploads\/2024\/06\/WhatsApp-Image-2024-06-27-at-19.49.131-768x576.jpeg 768w, http:\/\/ag-theater.de\/wp-content\/uploads\/2024\/06\/WhatsApp-Image-2024-06-27-at-19.49.131-1536x1152.jpeg 1536w, http:\/\/ag-theater.de\/wp-content\/uploads\/2024\/06\/WhatsApp-Image-2024-06-27-at-19.49.131-676x507.jpeg 676w, http:\/\/ag-theater.de\/wp-content\/uploads\/2024\/06\/WhatsApp-Image-2024-06-27-at-19.49.131.jpeg 2048w\" sizes=\"auto, (max-width: 1024px) 100vw, 1024px\" \/><\/a><\/figure>\n\n\n\n<figure class=\"wp-block-image size-large\"><a href=\"http:\/\/ag-theater.de\/wp-content\/uploads\/2024\/06\/WhatsApp-Image-2024-06-27-at-19.49.13.jpeg\"><img loading=\"lazy\" decoding=\"async\" width=\"768\" height=\"1024\" src=\"http:\/\/ag-theater.de\/wp-content\/uploads\/2024\/06\/WhatsApp-Image-2024-06-27-at-19.49.13-768x1024.jpeg\" alt=\"\" class=\"wp-image-628\" srcset=\"http:\/\/ag-theater.de\/wp-content\/uploads\/2024\/06\/WhatsApp-Image-2024-06-27-at-19.49.13-768x1024.jpeg 768w, http:\/\/ag-theater.de\/wp-content\/uploads\/2024\/06\/WhatsApp-Image-2024-06-27-at-19.49.13-225x300.jpeg 225w, http:\/\/ag-theater.de\/wp-content\/uploads\/2024\/06\/WhatsApp-Image-2024-06-27-at-19.49.13-1152x1536.jpeg 1152w, http:\/\/ag-theater.de\/wp-content\/uploads\/2024\/06\/WhatsApp-Image-2024-06-27-at-19.49.13-676x901.jpeg 676w, http:\/\/ag-theater.de\/wp-content\/uploads\/2024\/06\/WhatsApp-Image-2024-06-27-at-19.49.13.jpeg 1536w\" sizes=\"auto, (max-width: 768px) 100vw, 768px\" \/><\/a><\/figure>\n\n\n\n<figure class=\"wp-block-image size-large\"><a href=\"http:\/\/ag-theater.de\/wp-content\/uploads\/2024\/06\/WhatsApp-Image-2024-06-27-at-19.49.21.jpeg\"><img loading=\"lazy\" decoding=\"async\" width=\"1024\" height=\"768\" src=\"http:\/\/ag-theater.de\/wp-content\/uploads\/2024\/06\/WhatsApp-Image-2024-06-27-at-19.49.21-1024x768.jpeg\" alt=\"\" class=\"wp-image-629\" srcset=\"http:\/\/ag-theater.de\/wp-content\/uploads\/2024\/06\/WhatsApp-Image-2024-06-27-at-19.49.21-1024x768.jpeg 1024w, http:\/\/ag-theater.de\/wp-content\/uploads\/2024\/06\/WhatsApp-Image-2024-06-27-at-19.49.21-300x225.jpeg 300w, http:\/\/ag-theater.de\/wp-content\/uploads\/2024\/06\/WhatsApp-Image-2024-06-27-at-19.49.21-768x576.jpeg 768w, http:\/\/ag-theater.de\/wp-content\/uploads\/2024\/06\/WhatsApp-Image-2024-06-27-at-19.49.21-1536x1152.jpeg 1536w, http:\/\/ag-theater.de\/wp-content\/uploads\/2024\/06\/WhatsApp-Image-2024-06-27-at-19.49.21-676x507.jpeg 676w, http:\/\/ag-theater.de\/wp-content\/uploads\/2024\/06\/WhatsApp-Image-2024-06-27-at-19.49.21.jpeg 2048w\" sizes=\"auto, (max-width: 1024px) 100vw, 1024px\" \/><\/a><\/figure>\n\n\n\n<figure class=\"wp-block-image size-large\"><a href=\"http:\/\/ag-theater.de\/wp-content\/uploads\/2024\/06\/WhatsApp-Image-2024-06-27-at-19.50.16.jpeg\"><img loading=\"lazy\" decoding=\"async\" width=\"1024\" height=\"768\" src=\"http:\/\/ag-theater.de\/wp-content\/uploads\/2024\/06\/WhatsApp-Image-2024-06-27-at-19.50.16-1024x768.jpeg\" alt=\"\" class=\"wp-image-630\" srcset=\"http:\/\/ag-theater.de\/wp-content\/uploads\/2024\/06\/WhatsApp-Image-2024-06-27-at-19.50.16-1024x768.jpeg 1024w, http:\/\/ag-theater.de\/wp-content\/uploads\/2024\/06\/WhatsApp-Image-2024-06-27-at-19.50.16-300x225.jpeg 300w, http:\/\/ag-theater.de\/wp-content\/uploads\/2024\/06\/WhatsApp-Image-2024-06-27-at-19.50.16-768x576.jpeg 768w, http:\/\/ag-theater.de\/wp-content\/uploads\/2024\/06\/WhatsApp-Image-2024-06-27-at-19.50.16-1536x1152.jpeg 1536w, http:\/\/ag-theater.de\/wp-content\/uploads\/2024\/06\/WhatsApp-Image-2024-06-27-at-19.50.16-676x507.jpeg 676w, http:\/\/ag-theater.de\/wp-content\/uploads\/2024\/06\/WhatsApp-Image-2024-06-27-at-19.50.16.jpeg 2048w\" sizes=\"auto, (max-width: 1024px) 100vw, 1024px\" \/><\/a><\/figure>\n","protected":false},"excerpt":{"rendered":"<p>Vier Kinder werden zu ihrem Gro\u00dfvater nach Schottland geschickt, da ihr Vater schwer krank ist und sich die Mutter voll und ganz um seine Pflege k\u00fcmmern muss. Bereits auf dem Weg passieren sonderliche und abenteuerliche Dinge. In Schottland angekommen tun sich die Kinder schwer ihren Gro\u00dfvater zu finden. Sie treffen auf einen Zauberer, der sich [&hellip;]<\/p>\n","protected":false},"author":1,"featured_media":0,"parent":0,"menu_order":0,"comment_status":"closed","ping_status":"closed","template":"","meta":{"footnotes":""},"class_list":["post-608","page","type-page","status-publish","hentry","post-preview"],"_links":{"self":[{"href":"http:\/\/ag-theater.de\/index.php?rest_route=\/wp\/v2\/pages\/608","targetHints":{"allow":["GET"]}}],"collection":[{"href":"http:\/\/ag-theater.de\/index.php?rest_route=\/wp\/v2\/pages"}],"about":[{"href":"http:\/\/ag-theater.de\/index.php?rest_route=\/wp\/v2\/types\/page"}],"author":[{"embeddable":true,"href":"http:\/\/ag-theater.de\/index.php?rest_route=\/wp\/v2\/users\/1"}],"replies":[{"embeddable":true,"href":"http:\/\/ag-theater.de\/index.php?rest_route=%2Fwp%2Fv2%2Fcomments&post=608"}],"version-history":[{"count":2,"href":"http:\/\/ag-theater.de\/index.php?rest_route=\/wp\/v2\/pages\/608\/revisions"}],"predecessor-version":[{"id":631,"href":"http:\/\/ag-theater.de\/index.php?rest_route=\/wp\/v2\/pages\/608\/revisions\/631"}],"wp:attachment":[{"href":"http:\/\/ag-theater.de\/index.php?rest_route=%2Fwp%2Fv2%2Fmedia&parent=608"}],"curies":[{"name":"wp","href":"https:\/\/api.w.org\/{rel}","templated":true}]}}