{"id":76,"date":"2011-11-20T00:30:57","date_gmt":"2011-11-19T22:30:57","guid":{"rendered":"http:\/\/ag-theater.de\/?page_id=76"},"modified":"2013-09-20T19:57:53","modified_gmt":"2013-09-20T17:57:53","slug":"impressum","status":"publish","type":"page","link":"http:\/\/ag-theater.de\/?page_id=76","title":{"rendered":"Impressum"},"content":{"rendered":"<p>Volker Berdich<br \/>\nGS Katzwang<\/p>\n<p><strong>Haftungsausschluss:<\/strong><\/p>\n<p><strong>1. Inhalte<\/strong><br \/>\nDie Inhalte dieser Webseite sind nach bestem Wissen und Gewissen zusammengestellt worden. Eine Haftung f\u00fcr Vollst\u00e4ndigkeit, Aktualit\u00e4t, Korrektheit, Vollst\u00e4ndigkeit oder Qualit\u00e4t der bereitgestellten Inhalte wird nicht \u00fcbernommen.<\/p>\n<p><strong>2. Links<\/strong><\/p>\n<p>Trotz sorgf\u00e4ltiger inhaltlicher Kontrolle \u00fcbernehmen wir keine Haftung f\u00fcr die Inhalte externer Links. Wir erkl\u00e4ren hiermit ausdr\u00fccklich, dass zum Zeitpunkt der Linksetzung keine illegalen Inhalte auf den zu verlinkenden Seiten erkennbar waren. Wir weisen darauf hin, dass wir keinerlei Einfluss auf die Gestaltung und die Inhalte der gelinkten Seiten haben. Deshalb distanzieren wir uns ausdr\u00fccklich von allen Inhalten der Seiten, auf die wir mittels eines Links verweisen. F\u00fcr den Inhalt der verlinkten Seiten sind ausschlie\u00dflich deren Betreiber verantwortlich.<\/p>\n<p><strong>3. Copyright<\/strong><\/p>\n<p>Das Copyright f\u00fcr die von der Webmasterin selbst erstellten und ver\u00f6ffentlichten Objekte bleibt allein bei dem Autor der Seiten. Eine Vervielf\u00e4ltigung oder Verwendung solcher Grafiken und Texte in anderen elektronischen oder gedruckten Publikationen ist ohne ausdr\u00fcckliche Zustimmung des Autors nicht gestattet.<\/p>\n","protected":false},"excerpt":{"rendered":"<p>Volker Berdich GS Katzwang Haftungsausschluss: 1. Inhalte Die Inhalte dieser Webseite sind nach bestem Wissen und Gewissen zusammengestellt worden. Eine Haftung f\u00fcr Vollst\u00e4ndigkeit, Aktualit\u00e4t, Korrektheit, Vollst\u00e4ndigkeit oder Qualit\u00e4t der bereitgestellten Inhalte wird nicht \u00fcbernommen. 2. Links Trotz sorgf\u00e4ltiger inhaltlicher Kontrolle \u00fcbernehmen wir keine Haftung f\u00fcr die Inhalte externer Links. Wir erkl\u00e4ren hiermit ausdr\u00fccklich, dass zum [&hellip;]<\/p>\n","protected":false},"author":1,"featured_media":0,"parent":0,"menu_order":10,"comment_status":"open","ping_status":"closed","template":"","meta":{"footnotes":""},"class_list":["post-76","page","type-page","status-publish","hentry","post-preview"],"_links":{"self":[{"href":"http:\/\/ag-theater.de\/index.php?rest_route=\/wp\/v2\/pages\/76","targetHints":{"allow":["GET"]}}],"collection":[{"href":"http:\/\/ag-theater.de\/index.php?rest_route=\/wp\/v2\/pages"}],"about":[{"href":"http:\/\/ag-theater.de\/index.php?rest_route=\/wp\/v2\/types\/page"}],"author":[{"embeddable":true,"href":"http:\/\/ag-theater.de\/index.php?rest_route=\/wp\/v2\/users\/1"}],"replies":[{"embeddable":true,"href":"http:\/\/ag-theater.de\/index.php?rest_route=%2Fwp%2Fv2%2Fcomments&post=76"}],"version-history":[{"count":4,"href":"http:\/\/ag-theater.de\/index.php?rest_route=\/wp\/v2\/pages\/76\/revisions"}],"predecessor-version":[{"id":272,"href":"http:\/\/ag-theater.de\/index.php?rest_route=\/wp\/v2\/pages\/76\/revisions\/272"}],"wp:attachment":[{"href":"http:\/\/ag-theater.de\/index.php?rest_route=%2Fwp%2Fv2%2Fmedia&parent=76"}],"curies":[{"name":"wp","href":"https:\/\/api.w.org\/{rel}","templated":true}]}}